{"id":53223,"date":"2023-07-21T14:00:16","date_gmt":"2023-07-21T19:00:16","guid":{"rendered":"https:\/\/guillentamayo.com\/tienda\/product\/dunnheit-0108-07-2023-du\/"},"modified":"2025-04-16T12:00:21","modified_gmt":"2025-04-16T17:00:21","slug":"dunnheit-0108-07-2023-du","status":"publish","type":"product","link":"https:\/\/guillentamayo.com\/tienda\/product\/dunnheit-0108-07-2023-du\/","title":{"rendered":"D\u00dcNNHEIT 0108-07-2023-D\u00dc"},"content":{"rendered":"<p>Montura Marr\u00f3n Con Varillas Marmoleadas<\/p>\n<p>0108-07-2023-D\u00dc<\/p>\n","protected":false},"excerpt":{"rendered":"<p><img decoding=\"async\" loading=\"lazy\" class=\"alignnone wp-image-6535\" src=\"https:\/\/guillentamayo.com\/tienda\/wp-content\/uploads\/2020\/12\/medidas-monturas-02-300x94-1.png\" alt=\"\" width=\"102\" height=\"32\" \/>\u00a0 Diagonal aro: 49<\/p>\n<p><img decoding=\"async\" loading=\"lazy\" class=\"alignnone wp-image-6537\" src=\"https:\/\/guillentamayo.com\/tienda\/wp-content\/uploads\/2020\/12\/medidas-monturas-03-1-300x110-1.png\" alt=\"\" width=\"101\" height=\"37\" \/>\u00a0 Puente: 21<\/p>\n<p><img decoding=\"async\" loading=\"lazy\" class=\"alignnone wp-image-6534\" src=\"https:\/\/guillentamayo.com\/tienda\/wp-content\/uploads\/2020\/12\/medidas-monturas-01-300x97-1.png\" alt=\"\" width=\"102\" height=\"33\" \/>\u00a0 Largo varilla: 142<\/p>\n","protected":false},"featured_media":53460,"template":"","meta":{"_joinchat":[]},"_links":{"self":[{"href":"https:\/\/guillentamayo.com\/tienda\/wp-json\/wp\/v2\/product\/53223"}],"collection":[{"href":"https:\/\/guillentamayo.com\/tienda\/wp-json\/wp\/v2\/product"}],"about":[{"href":"https:\/\/guillentamayo.com\/tienda\/wp-json\/wp\/v2\/types\/product"}],"wp:featuredmedia":[{"embeddable":true,"href":"https:\/\/guillentamayo.com\/tienda\/wp-json\/wp\/v2\/media\/53460"}],"wp:attachment":[{"href":"https:\/\/guillentamayo.com\/tienda\/wp-json\/wp\/v2\/media?parent=53223"}],"curies":[{"name":"wp","href":"https:\/\/api.w.org\/{rel}","templated":true}]}}