{"id":53566,"date":"2023-07-24T11:55:15","date_gmt":"2023-07-24T16:55:15","guid":{"rendered":"https:\/\/guillentamayo.com\/tienda\/product\/dunnheit-0139-07-2023-du\/"},"modified":"2025-04-09T11:40:19","modified_gmt":"2025-04-09T16:40:19","slug":"dunnheit-0139-07-2023-du","status":"publish","type":"product","link":"https:\/\/guillentamayo.com\/tienda\/product\/dunnheit-0139-07-2023-du\/","title":{"rendered":"D\u00dcNNHEIT 0139-07-2023-D\u00dc"},"content":{"rendered":"<p>Montura Caf\u00e9 Con Varillas Marmoleadas<\/p>\n<p>0139-07-2023-D\u00dc<\/p>\n","protected":false},"excerpt":{"rendered":"<p><img decoding=\"async\" loading=\"lazy\" class=\"alignnone wp-image-6535\" src=\"https:\/\/guillentamayo.com\/tienda\/wp-content\/uploads\/2020\/12\/medidas-monturas-02-300x94-1.png\" alt=\"\" width=\"102\" height=\"32\" \/>\u00a0 Diagonal aro: 49<\/p>\n<p><img decoding=\"async\" loading=\"lazy\" class=\"alignnone wp-image-6537\" src=\"https:\/\/guillentamayo.com\/tienda\/wp-content\/uploads\/2020\/12\/medidas-monturas-03-1-300x110-1.png\" alt=\"\" width=\"101\" height=\"37\" \/>\u00a0 Puente: 21<\/p>\n<p><img decoding=\"async\" loading=\"lazy\" class=\"alignnone wp-image-6534\" src=\"https:\/\/guillentamayo.com\/tienda\/wp-content\/uploads\/2020\/12\/medidas-monturas-01-300x97-1.png\" alt=\"\" width=\"102\" height=\"33\" \/>\u00a0 Largo varilla: 142<\/p>\n","protected":false},"featured_media":53559,"template":"","meta":{"_joinchat":[]},"_links":{"self":[{"href":"https:\/\/guillentamayo.com\/tienda\/wp-json\/wp\/v2\/product\/53566"}],"collection":[{"href":"https:\/\/guillentamayo.com\/tienda\/wp-json\/wp\/v2\/product"}],"about":[{"href":"https:\/\/guillentamayo.com\/tienda\/wp-json\/wp\/v2\/types\/product"}],"wp:featuredmedia":[{"embeddable":true,"href":"https:\/\/guillentamayo.com\/tienda\/wp-json\/wp\/v2\/media\/53559"}],"wp:attachment":[{"href":"https:\/\/guillentamayo.com\/tienda\/wp-json\/wp\/v2\/media?parent=53566"}],"curies":[{"name":"wp","href":"https:\/\/api.w.org\/{rel}","templated":true}]}}