{"id":53631,"date":"2023-07-25T09:40:16","date_gmt":"2023-07-25T14:40:16","guid":{"rendered":"https:\/\/guillentamayo.com\/tienda\/product\/dunnheit-0053-07-2023-du\/"},"modified":"2023-11-09T15:50:07","modified_gmt":"2023-11-09T20:50:07","slug":"dunnheit-0053-07-2023-du","status":"publish","type":"product","link":"https:\/\/guillentamayo.com\/tienda\/product\/dunnheit-0053-07-2023-du\/","title":{"rendered":"D\u00dcNNHEIT 0053-07-2023-D\u00dc"},"content":{"rendered":"<p>0053-07-2023-D\u00dc<\/p>\n","protected":false},"excerpt":{"rendered":"<p><img decoding=\"async\" loading=\"lazy\" class=\"alignnone wp-image-6535\" src=\"https:\/\/guillentamayo.com\/tienda\/wp-content\/uploads\/2020\/12\/medidas-monturas-02-300x94-1.png\" alt=\"\" width=\"102\" height=\"32\" \/>\u00a0 Diagonal aro: 50<\/p>\n<p><img decoding=\"async\" loading=\"lazy\" class=\"alignnone wp-image-6537\" src=\"https:\/\/guillentamayo.com\/tienda\/wp-content\/uploads\/2020\/12\/medidas-monturas-03-1-300x110-1.png\" alt=\"\" width=\"101\" height=\"37\" \/>\u00a0 Puente: 19<\/p>\n<p><img decoding=\"async\" loading=\"lazy\" class=\"alignnone wp-image-6534\" src=\"https:\/\/guillentamayo.com\/tienda\/wp-content\/uploads\/2020\/12\/medidas-monturas-01-300x97-1.png\" alt=\"\" width=\"102\" height=\"33\" \/>\u00a0 Largo varilla: 140<\/p>\n","protected":false},"featured_media":0,"template":"","meta":{"_joinchat":[]},"_links":{"self":[{"href":"https:\/\/guillentamayo.com\/tienda\/wp-json\/wp\/v2\/product\/53631"}],"collection":[{"href":"https:\/\/guillentamayo.com\/tienda\/wp-json\/wp\/v2\/product"}],"about":[{"href":"https:\/\/guillentamayo.com\/tienda\/wp-json\/wp\/v2\/types\/product"}],"wp:attachment":[{"href":"https:\/\/guillentamayo.com\/tienda\/wp-json\/wp\/v2\/media?parent=53631"}],"curies":[{"name":"wp","href":"https:\/\/api.w.org\/{rel}","templated":true}]}}